{"id":1114,"date":"2024-02-14T22:56:00","date_gmt":"2024-02-14T19:56:00","guid":{"rendered":"https:\/\/gesund-in-bonn.de\/?page_id=1114"},"modified":"2026-04-04T18:54:05","modified_gmt":"2026-04-04T15:54:05","slug":"kontakt","status":"publish","type":"page","link":"https:\/\/gesund-in-bonn.de\/de\/kontakt\/","title":{"rendered":"Kontakt \/ \u00d6ffnungszeiten"},"content":{"rendered":"<h1>Ihr Kontakt zu uns<\/h1>\n<div>\n<p>Sie haben Fragen oder Anmerkungen?<\/p>\n<p>Hinterlassen Sie uns eine Nachricht. Wir melden uns schnellstm\u00f6glich bei Ihnen zur\u00fcck!<\/p>\n<\/div>\n<div>\n<div>Haus\u00e4rzte Dr. Emrich<\/div>\n<p>Dr. med. Dipl. Biol. Michael Emrich<br \/>Larissa Emrich<br \/> Fach\u00e4rzte f\u00fcr Allgemeinmedizin<\/p>\n<\/div>\n<ul>\n<li>\n<\/li>\n<li>\n<div><a href=\"https:\/\/maps.app.goo.gl\/QtJbzQoMwpgHuuNP6\">K\u00f6nigswinterer Str. 158, 53227 Bonn<\/a><\/div>\n<\/li>\n<li>\n<div>Tel: <a href=\"tel:0228442954\">0228 442954<\/a><\/div>\n<\/li>\n<li>\n<div>Fax: <a href=\"tel:02284333338\">0228 4333338<\/a><\/div>\n<\/li>\n<li>\n<div><span>E-mail:\u00a0<\/span><a href=\"mailto:praxis-emrich%40online.de?subject=%20&amp;body=%20\" >praxis-emrich@online.de<\/a><\/div>\n<\/li>\n<\/ul>\n<div>\n<div>Kontaktformular<\/div>\n<p>Wir freuen uns \u00fcber Ihre Nachricht.<\/p>\n<div>\n<div class=\"wpcf7 no-js\" id=\"wpcf7-f1207-o1\" lang=\"de-DE\" dir=\"ltr\" data-wpcf7-id=\"1207\">\n<div class=\"screen-reader-response\"><p role=\"status\" aria-live=\"polite\" aria-atomic=\"true\"><\/p> <ul><\/ul><\/div>\n<form action=\"\/de\/wp-json\/wp\/v2\/pages\/1114#wpcf7-f1207-o1\" method=\"post\" class=\"wpcf7-form init\" aria-label=\"Kontaktformular\" novalidate=\"novalidate\" data-status=\"init\">\n<fieldset class=\"hidden-fields-container\"><input type=\"hidden\" name=\"_wpcf7\" value=\"1207\" \/><input type=\"hidden\" name=\"_wpcf7_version\" value=\"6.1.5\" \/><input type=\"hidden\" name=\"_wpcf7_locale\" value=\"de_DE\" \/><input type=\"hidden\" name=\"_wpcf7_unit_tag\" value=\"wpcf7-f1207-o1\" \/><input type=\"hidden\" name=\"_wpcf7_container_post\" value=\"0\" \/><input type=\"hidden\" name=\"_wpcf7_posted_data_hash\" value=\"\" \/>\n<\/fieldset>\n<div class=\"uk-child-width-1-2@s uk-grid-column-small uk-grid-row-small\" uk-grid>\n    <div id=\"form-column\">\n        <div><span class=\"wpcf7-form-control-wrap\" data-name=\"name-278\"><input size=\"40\" maxlength=\"400\" class=\"wpcf7-form-control wpcf7-text wpcf7-validates-as-required uk-input\" aria-required=\"true\" aria-invalid=\"false\" placeholder=\"Vorname, Nachname\" value=\"\" type=\"text\" name=\"name-278\" \/><\/span><\/div>\n        <div class=\"uk-margin-top\"><span class=\"wpcf7-form-control-wrap\" data-name=\"phone-566\"><input size=\"40\" maxlength=\"400\" class=\"wpcf7-form-control wpcf7-tel wpcf7-validates-as-required wpcf7-text wpcf7-validates-as-tel uk-input\" aria-required=\"true\" aria-invalid=\"false\" placeholder=\"Rufnummer\" value=\"\" type=\"tel\" name=\"phone-566\" \/><\/span><\/div>\n        <div class=\"uk-margin-top\"><span class=\"wpcf7-form-control-wrap\" data-name=\"email-820\"><input size=\"40\" maxlength=\"400\" class=\"wpcf7-form-control wpcf7-email wpcf7-validates-as-required wpcf7-text wpcf7-validates-as-email uk-input\" aria-required=\"true\" aria-invalid=\"false\" placeholder=\"E-Mail\" value=\"\" type=\"email\" name=\"email-820\" \/><\/span><span id=\"wpcf7-6a08ffd51e3a9-wrapper\" class=\"wpcf7-form-control-wrap email-333-wrap\" style=\"display:none !important; visibility:hidden !important;\"><label for=\"wpcf7-6a08ffd51e3a9-field\" class=\"hp-message\">Bitte lasse dieses Feld leer.<\/label><input id=\"wpcf7-6a08ffd51e3a9-field\"  class=\"wpcf7-form-control wpcf7-text\" type=\"text\" name=\"email-333\" value=\"\" size=\"40\" tabindex=\"-1\" autocomplete=\"new-password\" \/><\/span><\/div>\n    <\/div>\n    <div>\n        <span class=\"wpcf7-form-control-wrap\" data-name=\"comment-292\"><textarea cols=\"40\" rows=\"6\" maxlength=\"2000\" class=\"wpcf7-form-control wpcf7-textarea uk-textarea\" aria-invalid=\"false\" placeholder=\"Kommentar\" name=\"comment-292\"><\/textarea><\/span>\n    <\/div>\n<\/div>\n<div class=\"uk-margin uk-text-small\">\n<span class=\"wpcf7-form-control-wrap\" data-name=\"acceptance-854\"><span class=\"wpcf7-form-control wpcf7-acceptance\"><span class=\"wpcf7-list-item\"><label><input type=\"checkbox\" name=\"acceptance-854\" value=\"1\" class=\"uk-checkbox\" aria-invalid=\"false\" \/><span class=\"wpcf7-list-item-label\">Ich akzeptiere die Bedingungen der <a href=\"\/privacy-policy\" target=\"_blank\">Datenschutzrichtlinie<\/a><\/span><\/label><\/span><\/span><\/span>\n<\/div>\n<div>\n<input class=\"wpcf7-form-control wpcf7-submit has-spinner uk-button uk-button-primary\" type=\"submit\" value=\"Absenden\" \/>\n<\/div><div class=\"wpcf7-response-output\" aria-hidden=\"true\"><\/div>\n<\/form>\n<\/div>\n<\/div>\n<\/div>\n<p><!--more--><br \/>\n<!-- {\"type\":\"layout\",\"children\":[{\"type\":\"section\",\"props\":{\"height\":\"page\",\"image_position\":\"center-center\",\"style\":\"default\",\"title_breakpoint\":\"xl\",\"title_position\":\"top-left\",\"title_rotation\":\"left\",\"vertical_align\":\"\",\"width\":\"large\"},\"children\":[{\"type\":\"row\",\"children\":[{\"type\":\"column\",\"props\":{\"image_position\":\"center-center\",\"position_sticky_breakpoint\":\"m\"},\"children\":[{\"type\":\"headline\",\"props\":{\"content\":\"Ihr Kontakt zu uns\",\"content_en_us\":\"Your contact with us\",\"content_ru_ru\":\"\u0421\u0432\u044f\u0436\u0438\u0442\u0435\u0441\u044c \u0441 \u043d\u0430\u043c\u0438\",\"image_align\":\"left\",\"image_margin\":\"xsmall\",\"title_element\":\"h1\"}},{\"type\":\"text\",\"props\":{\"column_breakpoint\":\"m\",\"content\":\"\n\n<p>Sie haben Fragen oder Anmerkungen?<\/p>\n\n\\n\n\n<p>Hinterlassen Sie uns eine Nachricht. Wir melden uns schnellstm\u00f6glich bei Ihnen zur\u00fcck!<\/p>\n\n\",\"content_en_us\":\"Do you have any questions, comments or other concerns? Leave us a message. We will get back to you as soon as possible!\",\"content_ru_ru\":\"\u0423 \u0432\u0430\u0441 \u0435\u0441\u0442\u044c \u0432\u043e\u043f\u0440\u043e\u0441\u044b, \u043a\u043e\u043c\u043c\u0435\u043d\u0442\u0430\u0440\u0438\u0438 \u0438\u043b\u0438 \u0434\u0440\u0443\u0433\u0438\u0435 \u043f\u0440\u043e\u0431\u043b\u0435\u043c\u044b? \u041e\u0441\u0442\u0430\u0432\u044c\u0442\u0435 \u043d\u0430\u043c \u0441\u043e\u043e\u0431\u0449\u0435\u043d\u0438\u0435. \u041c\u044b \u0441\u0432\u044f\u0436\u0435\u043c\u0441\u044f \u0441 \u0432\u0430\u043c\u0438 \u043a\u0430\u043a \u043c\u043e\u0436\u043d\u043e \u0441\u043a\u043e\u0440\u0435\u0435!\",\"margin_bottom\":\"default\",\"margin_top\":\"default\"}}]}]},{\"type\":\"row\",\"props\":{\"layout\":\"1-2,1-2\"},\"children\":[{\"type\":\"column\",\"props\":{\"image_position\":\"center-center\",\"position_sticky_breakpoint\":\"m\",\"style\":\"card-default\",\"width_medium\":\"1-2\"},\"children\":[{\"type\":\"panel\",\"props\":{\"content\":\"\",\"content_column_breakpoint\":\"m\",\"content_margin\":\"medium\",\"image_align\":\"top\",\"image_grid_breakpoint\":\"m\",\"image_grid_width\":\"1-2\",\"image_svg_color\":\"emphasis\",\"link_style\":\"default\",\"link_text\":\"Read more\",\"margin_bottom\":\"default\",\"margin_top\":\"default\",\"meta\":\"Dr. med. Dipl. Biol. Michael Emrich<br \/>Larissa Emrich<br \/> Fach\u00e4rzte f\u00fcr Allgemeinmedizin\",\"meta_align\":\"below-title\",\"meta_element\":\"div\",\"meta_en_us\":\"Dr. med. Dipl. Biol. Michael Emrich<br \/>Larissa Emrich<br \/> Specialists in general medicine\",\"meta_margin\":\"small\",\"meta_ru_ru\":\"Dr. med. Dipl. Biol. \u041c\u0438\u0445\u0430\u0438\u043b \u042d\u043c\u0440\u0438\u0445<br \/>\u041b\u0430\u0440\u0438\u0441\u0430 \u042d\u043c\u0440\u0438\u0445<br \/> \u0421\u043f\u0435\u0446\u0438\u0430\u043b\u0438\u0441\u0442\u044b \u0432 \u043e\u0431\u043b\u0430\u0441\u0442\u0438 \u043e\u0431\u0449\u0435\u0439 \u043c\u0435\u0434\u0438\u0446\u0438\u043d\u044b\",\"meta_style\":\"text-large\",\"panel_padding\":\"default\",\"title\":\"Haus\u00e4rzte Dr. Emrich\",\"title_align\":\"top\",\"title_color\":\"background\",\"title_element\":\"div\",\"title_en_us\":\"Haus\u00e4rzte Dr. Emrich\",\"title_grid_breakpoint\":\"m\",\"title_grid_width\":\"1-2\",\"title_hover_style\":\"reset\",\"title_ru_ru\":\"Haus\u00e4rzte Dr. Emrich\",\"title_style\":\"h2\"}},{\"type\":\"grid\",\"props\":{\"content_column_breakpoint\":\"m\",\"filter_align\":\"left\",\"filter_all\":true,\"filter_grid_breakpoint\":\"m\",\"filter_grid_width\":\"auto\",\"filter_position\":\"top\",\"filter_style\":\"tab\",\"grid_default\":\"1\",\"grid_divider\":true,\"grid_medium\":\"\",\"grid_row_gap\":\"small\",\"image_align\":\"top\",\"image_grid_breakpoint\":\"m\",\"image_grid_width\":\"1-2\",\"image_svg_color\":\"emphasis\",\"item_animation\":true,\"lightbox_bg_close\":true,\"link_style\":\"default\",\"link_text\":\"Read more\",\"margin_bottom\":\"medium\",\"margin_top\":\"medium\",\"meta_align\":\"below-title\",\"meta_element\":\"div\",\"meta_style\":\"text-meta\",\"show_content\":true,\"show_hover_image\":true,\"show_hover_video\":true,\"show_image\":true,\"show_link\":true,\"show_meta\":true,\"show_title\":true,\"show_video\":true,\"title_align\":\"top\",\"title_element\":\"div\",\"title_grid_breakpoint\":\"m\",\"title_grid_width\":\"1-2\",\"title_hover_style\":\"reset\",\"title_style\":\"h5\"},\"children\":[{\"type\":\"grid_item\",\"props\":{\"title\":\"\"}},{\"type\":\"grid_item\",\"props\":{\"content\":\"\",\"title\":\"<a href=\\\"https:\/\/maps.app.goo.gl\/QtJbzQoMwpgHuuNP6\\\">K\u00f6nigswinterer Str. 158, 53227 Bonn<\/a>\"}},{\"type\":\"grid_item\",\"props\":{\"content\":\"\",\"title\":\"Tel: <a href=\\\"tel:0228442954\\\">0228 442954<\/a>\",\"title_en_us\":\"Tel: <a href=\\\"tel:0228442954\\\">0228 442954<\/a>\",\"title_ru_ru\":\"\u0422\u0435\u043b: <a href=\\\"tel:0228442954\\\">0228 442954<\/a>\"}},{\"type\":\"grid_item\",\"props\":{\"content\":\"\",\"title\":\"Fax: <a href=\\\"tel:02284333338\\\">0228 4333338<\/a>\",\"title_en_us\":\"Fax: <a href=\\\"tel:02284333338\\\">0228 4333338<\/a>\",\"title_ru_ru\":\"\u0424\u0430\u043a\u0441: <a href=\\\"tel:02284333338\\\">0228 4333338<\/a>\"}},{\"type\":\"grid_item\",\"props\":{\"content\":\"\",\"meta\":\"\",\"title\":\"<span>E-mail:\u00a0<\/span><a href=\\\"mailto:praxis-emrich%40online.de?subject=%20&amp;body=%20\\\" >praxis-emrich@online.de<\/a>\",\"title_en_us\":\"<span>E-mail:\u00a0<\/span><a href=\\\"mailto:praxis-emrich%40online.de?subject=%20&amp;body=%20\\\" >praxis-emrich@online.de<\/a>\",\"title_ru_ru\":\"<span>E-mail:\u00a0<\/span><a href=\\\"mailto:praxis-emrich%40online.de?subject=%20&amp;body=%20\\\" >praxis-emrich@online.de<\/a>\"}}]}]},{\"type\":\"column\",\"props\":{\"image_position\":\"center-center\",\"position_sticky_breakpoint\":\"m\",\"style\":\"card-default\",\"width_medium\":\"1-2\"},\"children\":[{\"type\":\"panel\",\"props\":{\"content\":\"[contact-form-7 id=\\\"3587991\\\" title=\\\"form-de\\\"]\",\"content_column_breakpoint\":\"m\",\"content_en_us\":\"[contact-form-7 id=\\\"cb09e15\\\" title=\\\"form-en\\\"]\",\"content_margin\":\"medium\",\"content_ru_ru\":\"[contact-form-7 id=\\\"e23525d\\\" title=\\\"form-ru\\\"]\",\"image_align\":\"top\",\"image_grid_breakpoint\":\"m\",\"image_grid_width\":\"1-2\",\"image_svg_color\":\"emphasis\",\"link_style\":\"default\",\"link_text\":\"Read more\",\"margin_bottom\":\"default\",\"margin_top\":\"default\",\"meta\":\"Wir freuen uns \u00fcber Ihre Nachricht.\",\"meta_align\":\"below-title\",\"meta_element\":\"div\",\"meta_en_us\":\"We look forward to hearing from you.\",\"meta_margin\":\"small\",\"meta_ru_ru\":\"\u041c\u044b \u0441 \u043d\u0435\u0442\u0435\u0440\u043f\u0435\u043d\u0438\u0435\u043c \u0436\u0434\u0435\u043c \u0432\u0430\u0448\u0435\u0433\u043e \u0437\u0432\u043e\u043d\u043a\u0430.\",\"meta_style\":\"text-meta\",\"panel_padding\":\"default\",\"title\":\"Kontaktformular\",\"title_align\":\"top\",\"title_color\":\"background\",\"title_element\":\"div\",\"title_en_us\":\"Contact form\",\"title_grid_breakpoint\":\"m\",\"title_grid_width\":\"1-2\",\"title_hover_style\":\"reset\",\"title_ru_ru\":\"\u041a\u043e\u043d\u0442\u0430\u043a\u0442\u043d\u0430\u044f \u0444\u043e\u0440\u043c\u0430\",\"title_style\":\"h3\"}}]}]}]}],\"version\":\"5.0.26\"} --><\/p>\n","protected":false},"excerpt":{"rendered":"<p>Ihr Kontakt zu uns Sie haben Fragen oder Anmerkungen? Hinterlassen Sie uns eine Nachricht. Wir melden uns schnellstm\u00f6glich bei Ihnen zur\u00fcck! Haus\u00e4rzte Dr. Emrich Dr. med. Dipl. Biol. Michael EmrichLarissa Emrich Fach\u00e4rzte f\u00fcr Allgemeinmedizin K\u00f6nigswinterer Str. 158, 53227 Bonn Tel: 0228 442954 Fax: 0228 4333338 E-mail:\u00a0praxis-emrich@online.de Kontaktformular Wir freuen uns \u00fcber Ihre Nachricht.<\/p>\n","protected":false},"author":1,"featured_media":0,"parent":0,"menu_order":0,"comment_status":"closed","ping_status":"closed","template":"","meta":{"footnotes":""},"class_list":["post-1114","page","type-page","status-publish","hentry"],"_links":{"self":[{"href":"https:\/\/gesund-in-bonn.de\/de\/wp-json\/wp\/v2\/pages\/1114","targetHints":{"allow":["GET"]}}],"collection":[{"href":"https:\/\/gesund-in-bonn.de\/de\/wp-json\/wp\/v2\/pages"}],"about":[{"href":"https:\/\/gesund-in-bonn.de\/de\/wp-json\/wp\/v2\/types\/page"}],"author":[{"embeddable":true,"href":"https:\/\/gesund-in-bonn.de\/de\/wp-json\/wp\/v2\/users\/1"}],"replies":[{"embeddable":true,"href":"https:\/\/gesund-in-bonn.de\/de\/wp-json\/wp\/v2\/comments?post=1114"}],"version-history":[{"count":35,"href":"https:\/\/gesund-in-bonn.de\/de\/wp-json\/wp\/v2\/pages\/1114\/revisions"}],"predecessor-version":[{"id":1497,"href":"https:\/\/gesund-in-bonn.de\/de\/wp-json\/wp\/v2\/pages\/1114\/revisions\/1497"}],"wp:attachment":[{"href":"https:\/\/gesund-in-bonn.de\/de\/wp-json\/wp\/v2\/media?parent=1114"}],"curies":[{"name":"wp","href":"https:\/\/api.w.org\/{rel}","templated":true}]}}