{"id":570,"date":"2024-02-14T22:56:00","date_gmt":"2024-02-14T19:56:00","guid":{"rendered":"https:\/\/gesund-in-bonn.de\/?page_id=570"},"modified":"2026-04-04T19:05:37","modified_gmt":"2026-04-04T16:05:37","slug":"impressum","status":"publish","type":"page","link":"https:\/\/gesund-in-bonn.de\/de\/impressum\/","title":{"rendered":"Impressum"},"content":{"rendered":"<h1>Impressum<\/h1>\n<div>\n<h2>Angaben gem\u00e4\u00df \u00a7 5 TMG<\/h2>\n<p>Berufsaus\u00fcbungsgemeinschaft Dr. med. Dipl.-Biol. Michael Emrich und Larissa Emrich<br \/>K\u00f6nigswinterer Str. 158<br \/>53227 Bonn<\/p>\n<h2>Kontakt:<\/h2>\n<p><strong><span>Telefon<\/span>:<span>\u00a0<\/span><\/strong>0228 442954<\/p>\n<p><strong>Fax:<span>\u00a0<\/span><\/strong>0228 4333338<\/p>\n<p><strong>E-Mail:<span>\u00a0<\/span><\/strong><a href=\"mailto:praxis-emrich%40online.de?subject=%20&amp;body=%20\" class=\"cm_anchor\">praxis-emrich@online.de<\/a><\/p>\n<\/p>\n<p><span>Aufsichtsbeh\u00f6rde<\/span><\/p>\n<p>KV Nordrhein<br \/>Tersteegenstr. 9<br \/>40474 D\u00fcsseldorf<\/p>\n<p><a href=\"https:\/\/www.aekno.de\/\" target=\"_blank\" rel=\"noreferrer noopener\" class=\"cm_anchor\">https:\/\/www.aekno.de\/<\/a><\/p>\n<h2>Berufsbezeichnung und besondere berufliche Regelungen<\/h2>\n<p><strong>Berufsbezeichnung:<span>\u00a0<\/span><\/strong>Facharzt f\u00fcr Allgemeinmedizin<\/p>\n<p><strong>Zust\u00e4ndige Kammer:<span>\u00a0<\/span><\/strong>\u00c4rztekammer Nordrhein<\/p>\n<p><strong>Verliehen durch:<span>\u00a0<\/span><\/strong>Bundesrepublik Deutschland<\/p>\n<p><strong>Berufsrechtliche Regelungen:<\/strong><span>\u00a0<\/span>Berufsordnung \u00c4rztekammer Nordrhein. Regelungen einsehbar unter:<span>\u00a0<\/span><a href=\"https:\/\/www.aekno.de\/page.asp?pageID=57\" target=\"_blank\" rel=\"noreferrer noopener\" class=\"cm_anchor\">https:\/\/www.aekno.de\/page.asp?pageID=57<\/a><\/p>\n<\/p>\n<h2>Verantwortlich f\u00fcr den Inhalt:<\/h2>\n<p>Dr. med. Michael Emrich<br \/>K\u00f6nigswinterer Str. 158<br \/>53227 Bonn<\/p>\n<\/p>\n<h2>Streitschlichtung<\/h2>\n<p>Die Europ\u00e4ische Kommission stellt eine Plattform zur Online-Streitbeilegung (OS) bereit:<span>\u00a0<\/span><a href=\"https:\/\/ec.europa.eu\/consumers\/odr\" target=\"_blank\" rel=\"noreferrer noopener\" class=\"cm_anchor\">https:\/\/ec.europa.eu\/consumers\/odr<\/a>. Unsere E-Mail-Adresse finden Sie oben im Impressum. Wir sind nicht bereit oder verpflichtet, an Streitbeilegungsverfahren vor einer Verbraucherschlichtungsstelle teilzunehmen.<\/p>\n<\/p>\n<h2>Haftung f\u00fcr Inhalte<\/h2>\n<p>Als Diensteanbieter sind wir gem\u00e4\u00df \u00a7 7 Abs.1 TMG f\u00fcr eigene Inhalte auf diesen Seiten nach den allgemeinen Gesetzen verantwortlich. Nach \u00a7\u00a7 8 bis 10 TMG sind wir als Diensteanbieter jedoch nicht verpflichtet, \u00fcbermittelte oder gespeicherte fremde Informationen zu \u00fcberwachen oder nach Umst\u00e4nden zu forschen, die auf eine rechtswidrige T\u00e4tigkeit hinweisen.<br \/>Verpflichtungen zur Entfernung oder Sperrung der Nutzung von Informationen nach den allgemeinen Gesetzen bleiben hiervon unber\u00fchrt. Eine diesbez\u00fcgliche Haftung ist jedoch erst ab dem Zeitpunkt der Kenntnis einer konkreten Rechtsverletzung m\u00f6glich. Bei Bekanntwerden von entsprechenden Rechtsverletzungen werden wir diese Inhalte umgehend entfernen.<\/p>\n<\/p>\n<h2>Haftung f\u00fcr Links<\/h2>\n<p>Unser Angebot enth\u00e4lt Links zu externen Websites Dritter, auf deren Inhalte wir keinen Einfluss haben. Deshalb k\u00f6nnen wir f\u00fcr diese fremden Inhalte auch keine Gew\u00e4hr \u00fcbernehmen. F\u00fcr die Inhalte der verlinkten Seiten ist stets der jeweilige Anbieter oder Betreiber der Seiten verantwortlich. Die verlinkten Seiten wurden zum Zeitpunkt der Verlinkung auf m\u00f6gliche Rechtsverst\u00f6\u00dfe \u00fcberpr\u00fcft. Rechtswidrige Inhalte waren zum Zeitpunkt der Verlinkung nicht erkennbar.<br \/>Eine permanente inhaltliche Kontrolle der verlinkten Seiten ist jedoch ohne konkrete Anhaltspunkte einer Rechtsverletzung nicht zumutbar. Bei Bekanntwerden von Rechtsverletzungen werden wir derartige Links umgehend entfernen.<\/p>\n<\/p>\n<h2>Urheberrecht<\/h2>\n<p>Die durch die Seitenbetreiber erstellten Inhalte und Werke auf diesen Seiten unterliegen dem deutschen Urheberrecht. Die Vervielf\u00e4ltigung, Bearbeitung, Verbreitung und jede Art der Verwertung au\u00dferhalb der Grenzen des Urheberrechtes bed\u00fcrfen der schriftlichen Zustimmung des jeweiligen Autors bzw. Erstellers. Downloads und Kopien dieser Seite sind nur f\u00fcr den privaten, nicht kommerziellen Gebrauch gestattet.<br \/>Soweit die Inhalte auf dieser Seite nicht vom Betreiber erstellt wurden, werden die Urheberrechte Dritter beachtet. Insbesondere werden Inhalte Dritter als solche gekennzeichnet. Sollten Sie trotzdem auf eine Urheberrechtsverletzung aufmerksam werden, bitten wir um einen entsprechenden Hinweis. Bei Bekanntwerden von Rechtsverletzungen werden wir derartige Inhalte umgehend entfernen.<\/p>\n<\/div>\n<p><!--more--><br \/>\n<!-- {\"type\":\"layout\",\"children\":[{\"type\":\"section\",\"props\":{\"image_position\":\"center-center\",\"style\":\"default\",\"title_breakpoint\":\"xl\",\"title_position\":\"top-left\",\"title_rotation\":\"left\",\"vertical_align\":\"\",\"width\":\"large\"},\"children\":[{\"type\":\"row\",\"children\":[{\"type\":\"column\",\"props\":{\"image_position\":\"center-center\",\"position_sticky_breakpoint\":\"m\"},\"children\":[{\"type\":\"headline\",\"props\":{\"content\":\"Impressum\",\"content_en_us\":\"Legal Notice\",\"content_ru_ru\":\"\u042e\u0440\u0438\u0434\u0438\u0447\u0435\u0441\u043a\u0430\u044f \u0438\u043d\u0444\u043e\u0440\u043c\u0430\u0446\u0438\u044f\",\"image_align\":\"left\",\"image_margin\":\"xsmall\",\"title_element\":\"h1\"}},{\"type\":\"text\",\"props\":{\"column_breakpoint\":\"m\",\"content\":\"\n\n<h2>Angaben gem\u00e4\u00df \u00a7 5 TMG<\/h2>\n\n\\n\n\n<p>Berufsaus\u00fcbungsgemeinschaft Dr. med. Dipl.-Biol. Michael Emrich und Larissa Emrich<br \/>K\u00f6nigswinterer Str. 158<br \/>53227 Bonn<\/p>\n\n\\n\n\n<h2>Kontakt:<\/h2>\n\n\\n\n\n<p><strong><span>Telefon<\/span>:<span>\u00a0<\/span><\/strong>0228 442954<\/p>\n\n\\n\n\n<p><strong>Fax:<span>\u00a0<\/span><\/strong>0228 4333338<\/p>\n\n\\n\n\n<p><strong>E-Mail:<span>\u00a0<\/span><\/strong><a href=\\\"mailto:praxis-emrich%40online.de?subject=%20&amp;body=%20\\\" class=\\\"cm_anchor\\\">praxis-emrich@online.de<\/a><\/p>\n\n\\n\n\n\n\n\\n\n\n<p><span>Aufsichtsbeh\u00f6rde<\/span><\/p>\n\n\\n\n\n<p>KV Nordrhein<br \/>Tersteegenstr. 9<br \/>40474 D\u00fcsseldorf<\/p>\n\n\\n\n\n<p><a href=\\\"https:\/\/www.aekno.de\/\\\" target=\\\"_blank\\\" rel=\\\"noreferrer noopener\\\" class=\\\"cm_anchor\\\">https:\/\/www.aekno.de\/<\/a><\/p>\n\n\\n\n\n<h2>Berufsbezeichnung und besondere berufliche Regelungen<\/h2>\n\n\\n\n\n<p><strong>Berufsbezeichnung:<span>\u00a0<\/span><\/strong>Facharzt f\u00fcr Allgemeinmedizin<\/p>\n\n\\n\n\n<p><strong>Zust\u00e4ndige Kammer:<span>\u00a0<\/span><\/strong>\u00c4rztekammer Nordrhein<\/p>\n\n\\n\n\n<p><strong>Verliehen durch:<span>\u00a0<\/span><\/strong>Bundesrepublik Deutschland<\/p>\n\n\\n\n\n<p><strong>Berufsrechtliche Regelungen:<\/strong><span>\u00a0<\/span>Berufsordnung \u00c4rztekammer Nordrhein. Regelungen einsehbar unter:<span>\u00a0<\/span><a href=\\\"https:\/\/www.aekno.de\/page.asp?pageID=57\\\" target=\\\"_blank\\\" rel=\\\"noreferrer noopener\\\" class=\\\"cm_anchor\\\">https:\/\/www.aekno.de\/page.asp?pageID=57<\/a><\/p>\n\n\\n\n\n\n\n\\n\n\n<h2>Verantwortlich f\u00fcr den Inhalt:<\/h2>\n\n\\n\n\n<p>Dr. med. Michael Emrich<br \/>K\u00f6nigswinterer Str. 158<br \/>53227 Bonn<\/p>\n\n\\n\n\n\n\n\\n\n\n<h2>Streitschlichtung<\/h2>\n\n\\n\n\n<p>Die Europ\u00e4ische Kommission stellt eine Plattform zur Online-Streitbeilegung (OS) bereit:<span>\u00a0<\/span><a href=\\\"https:\/\/ec.europa.eu\/consumers\/odr\\\" target=\\\"_blank\\\" rel=\\\"noreferrer noopener\\\" class=\\\"cm_anchor\\\">https:\/\/ec.europa.eu\/consumers\/odr<\/a>. Unsere E-Mail-Adresse finden Sie oben im Impressum. Wir sind nicht bereit oder verpflichtet, an Streitbeilegungsverfahren vor einer Verbraucherschlichtungsstelle teilzunehmen.<\/p>\n\n\\n\n\n\n\n\\n\n\n<h2>Haftung f\u00fcr Inhalte<\/h2>\n\n\\n\n\n<p>Als Diensteanbieter sind wir gem\u00e4\u00df \u00a7 7 Abs.1 TMG f\u00fcr eigene Inhalte auf diesen Seiten nach den allgemeinen Gesetzen verantwortlich. Nach \u00a7\u00a7 8 bis 10 TMG sind wir als Diensteanbieter jedoch nicht verpflichtet, \u00fcbermittelte oder gespeicherte fremde Informationen zu \u00fcberwachen oder nach Umst\u00e4nden zu forschen, die auf eine rechtswidrige T\u00e4tigkeit hinweisen.<br \/>Verpflichtungen zur Entfernung oder Sperrung der Nutzung von Informationen nach den allgemeinen Gesetzen bleiben hiervon unber\u00fchrt. Eine diesbez\u00fcgliche Haftung ist jedoch erst ab dem Zeitpunkt der Kenntnis einer konkreten Rechtsverletzung m\u00f6glich. Bei Bekanntwerden von entsprechenden Rechtsverletzungen werden wir diese Inhalte umgehend entfernen.<\/p>\n\n\\n\n\n\n\n\\n\n\n<h2>Haftung f\u00fcr Links<\/h2>\n\n\\n\n\n<p>Unser Angebot enth\u00e4lt Links zu externen Websites Dritter, auf deren Inhalte wir keinen Einfluss haben. Deshalb k\u00f6nnen wir f\u00fcr diese fremden Inhalte auch keine Gew\u00e4hr \u00fcbernehmen. F\u00fcr die Inhalte der verlinkten Seiten ist stets der jeweilige Anbieter oder Betreiber der Seiten verantwortlich. Die verlinkten Seiten wurden zum Zeitpunkt der Verlinkung auf m\u00f6gliche Rechtsverst\u00f6\u00dfe \u00fcberpr\u00fcft. Rechtswidrige Inhalte waren zum Zeitpunkt der Verlinkung nicht erkennbar.<br \/>Eine permanente inhaltliche Kontrolle der verlinkten Seiten ist jedoch ohne konkrete Anhaltspunkte einer Rechtsverletzung nicht zumutbar. Bei Bekanntwerden von Rechtsverletzungen werden wir derartige Links umgehend entfernen.<\/p>\n\n\\n\n\n\n\n\\n\n\n<h2>Urheberrecht<\/h2>\n\n\\n\n\n<p>Die durch die Seitenbetreiber erstellten Inhalte und Werke auf diesen Seiten unterliegen dem deutschen Urheberrecht. Die Vervielf\u00e4ltigung, Bearbeitung, Verbreitung und jede Art der Verwertung au\u00dferhalb der Grenzen des Urheberrechtes bed\u00fcrfen der schriftlichen Zustimmung des jeweiligen Autors bzw. Erstellers. Downloads und Kopien dieser Seite sind nur f\u00fcr den privaten, nicht kommerziellen Gebrauch gestattet.<br \/>Soweit die Inhalte auf dieser Seite nicht vom Betreiber erstellt wurden, werden die Urheberrechte Dritter beachtet. Insbesondere werden Inhalte Dritter als solche gekennzeichnet. Sollten Sie trotzdem auf eine Urheberrechtsverletzung aufmerksam werden, bitten wir um einen entsprechenden Hinweis. Bei Bekanntwerden von Rechtsverletzungen werden wir derartige Inhalte umgehend entfernen.<\/p>\n\n\",\"content_en_us\":\"\n\n<h2>Information according to \u00a7 5 TMG<\/h2>\n\n\\n\n\n<p>Hausarztpraxis Emrich<br \/>K\u00f6nigswinterer Str. 158<br \/>53227 Bonn<\/p>\n\n\\n\n\n<h2>Contact:<\/h2>\n\n\\n\n\n<p><strong><span>Telephone<\/span>:<span>\u00a0<\/span><\/strong>0228 442954<\/p>\n\n\\n\n\n<p><strong>Fax:<span>\u00a0<\/span><\/strong>0228 4333338<\/p>\n\n\\n\n\n<p><strong>E-Mail:<span>\u00a0<\/span><\/strong><a href=\\\"mailto:praxis-emrich%40online.de?subject=%20&amp;body=%20\\\" class=\\\"cm_anchor\\\">praxis-emrich@online.de<\/a><\/p>\n\n\\n\n\n\n\n\\n\n\n<p><span>Supervisory authority<\/span><\/p>\n\n\\n\n\n<p>KV Nordrhein<br \/>Tersteegenstr. 9<br \/>40474 D\u00fcsseldorf<\/p>\n\n\\n\n\n<p><a href=\\\"https:\/\/www.aekno.de\/\\\" target=\\\"_blank\\\" rel=\\\"noreferrer noopener\\\" class=\\\"cm_anchor\\\">https:\/\/www.aekno.de\/<\/a><\/p>\n\n\\n\n\n<h2>Job title and special professional regulations<\/h2>\n\n\\n\n\n<p><strong>Job title:<span>\u00a0<\/span><\/strong>Specialist in general medicine<\/p>\n\n\\n\n\n<p><strong>Competent chamber:<span>\u00a0<\/span><\/strong>North Rhine Medical Association<\/p>\n\n\\n\n\n<p><strong>Awarded by:<span>\u00a0<\/span><\/strong>Federal Republic of Germany<\/p>\n\n\\n\n\n<p><strong>Professional regulations:<\/strong><span>\u00a0<\/span>Professional regulations of the North Rhine Medical Association. Regulations can be viewed at:<span>\u00a0<\/span><a href=\\\"https:\/\/www.aekno.de\/page.asp?pageID=57\\\" target=\\\"_blank\\\" rel=\\\"noreferrer noopener\\\" class=\\\"cm_anchor\\\">https:\/\/www.aekno.de\/page.asp?pageID=57<\/a><\/p>\n\n\\n\n\n\n\n\\n\n\n<h2>Verantwortlich f\u00fcr den Inhalt:<\/h2>\n\n\\n\n\n<p>Dr. med. Michael Emrich<br \/>K\u00f6nigswinterer Str. 158<br \/>53227 Bonn<\/p>\n\n\\n\n\n\n\n\\n\n\n<h2>Dispute resolution<\/h2>\n\n\\n\n\n<p>The European Commission provides a platform for online dispute resolution (ODR):<span>\u00a0<\/span><a href=\\\"https:\/\/ec.europa.eu\/consumers\/odr\\\" target=\\\"_blank\\\" rel=\\\"noreferrer noopener\\\" class=\\\"cm_anchor\\\">https:\/\/ec.europa.eu\/consumers\/odr<\/a>. You can find our e-mail address in the legal notice above. We are not willing or obliged to participate in dispute resolution proceedings before a consumer arbitration board.<\/p>\n\n\\n\n\n\n\n\\n\n\n<h2>Liability for content<\/h2>\n\n\\n\n\n<p>Als Diensteanbieter sind wir gem\u00e4\u00df \u00a7 7 Abs.1 TMG f\u00fcr eigene Inhalte auf diesen Seiten nach den allgemeinen Gesetzen verantwortlich. Nach \u00a7\u00a7 8 bis 10 TMG sind wir als Diensteanbieter jedoch nicht verpflichtet, \u00fcbermittelte oder gespeicherte fremde Informationen zu \u00fcberwachen oder nach Umst\u00e4nden zu forschen, die auf eine rechtswidrige T\u00e4tigkeit hinweisen.<br \/>Verpflichtungen zur Entfernung oder Sperrung der Nutzung von Informationen nach den allgemeinen Gesetzen bleiben hiervon unber\u00fchrt. Eine diesbez\u00fcgliche Haftung ist jedoch erst ab dem Zeitpunkt der Kenntnis einer konkreten Rechtsverletzung m\u00f6glich. Bei Bekanntwerden von entsprechenden Rechtsverletzungen werden wir diese Inhalte umgehend entfernen.<\/p>\n\n\\n\n\n\n\n\\n\n\n<h2>Liability for links<\/h2>\n\n\\n\n\n<p>Unser Angebot enth\u00e4lt Links zu externen Websites Dritter, auf deren Inhalte wir keinen Einfluss haben. Deshalb k\u00f6nnen wir f\u00fcr diese fremden Inhalte auch keine Gew\u00e4hr \u00fcbernehmen. F\u00fcr die Inhalte der verlinkten Seiten ist stets der jeweilige Anbieter oder Betreiber der Seiten verantwortlich. Die verlinkten Seiten wurden zum Zeitpunkt der Verlinkung auf m\u00f6gliche Rechtsverst\u00f6\u00dfe \u00fcberpr\u00fcft. Rechtswidrige Inhalte waren zum Zeitpunkt der Verlinkung nicht erkennbar.<br \/>Eine permanente inhaltliche Kontrolle der verlinkten Seiten ist jedoch ohne konkrete Anhaltspunkte einer Rechtsverletzung nicht zumutbar. Bei Bekanntwerden von Rechtsverletzungen werden wir derartige Links umgehend entfernen.<\/p>\n\n\\n\n\n\n\n\\n\n\n<h2>Copyright<\/h2>\n\n\\n\n\n<p>Die durch die Seitenbetreiber erstellten Inhalte und Werke auf diesen Seiten unterliegen dem deutschen Urheberrecht. Die Vervielf\u00e4ltigung, Bearbeitung, Verbreitung und jede Art der Verwertung au\u00dferhalb der Grenzen des Urheberrechtes bed\u00fcrfen der schriftlichen Zustimmung des jeweiligen Autors bzw. Erstellers. Downloads und Kopien dieser Seite sind nur f\u00fcr den privaten, nicht kommerziellen Gebrauch gestattet.<br \/>Soweit die Inhalte auf dieser Seite nicht vom Betreiber erstellt wurden, werden die Urheberrechte Dritter beachtet. Insbesondere werden Inhalte Dritter als solche gekennzeichnet. Sollten Sie trotzdem auf eine Urheberrechtsverletzung aufmerksam werden, bitten wir um einen entsprechenden Hinweis. Bei Bekanntwerden von Rechtsverletzungen werden wir derartige Inhalte umgehend entfernen.<\/p>\n\n\",\"margin_bottom\":\"default\",\"margin_top\":\"default\"}}]}]}]}],\"version\":\"5.0.26\"} --><\/p>\n","protected":false},"excerpt":{"rendered":"<p>Impressum Angaben gem\u00e4\u00df \u00a7 5 TMG Berufsaus\u00fcbungsgemeinschaft Dr. med. Dipl.-Biol. Michael Emrich und Larissa EmrichK\u00f6nigswinterer Str. 15853227 Bonn Kontakt: Telefon:\u00a00228 442954 Fax:\u00a00228 4333338 E-Mail:\u00a0praxis-emrich@online.de Aufsichtsbeh\u00f6rde KV NordrheinTersteegenstr. 940474 D\u00fcsseldorf https:\/\/www.aekno.de\/ Berufsbezeichnung und besondere berufliche Regelungen Berufsbezeichnung:\u00a0Facharzt f\u00fcr Allgemeinmedizin Zust\u00e4ndige Kammer:\u00a0\u00c4rztekammer Nordrhein Verliehen durch:\u00a0Bundesrepublik Deutschland Berufsrechtliche Regelungen:\u00a0Berufsordnung \u00c4rztekammer Nordrhein. Regelungen einsehbar unter:\u00a0https:\/\/www.aekno.de\/page.asp?pageID=57 Verantwortlich f\u00fcr den Inhalt: [&hellip;]<\/p>\n","protected":false},"author":1,"featured_media":0,"parent":0,"menu_order":0,"comment_status":"closed","ping_status":"closed","template":"","meta":{"footnotes":""},"class_list":["post-570","page","type-page","status-publish","hentry"],"_links":{"self":[{"href":"https:\/\/gesund-in-bonn.de\/de\/wp-json\/wp\/v2\/pages\/570","targetHints":{"allow":["GET"]}}],"collection":[{"href":"https:\/\/gesund-in-bonn.de\/de\/wp-json\/wp\/v2\/pages"}],"about":[{"href":"https:\/\/gesund-in-bonn.de\/de\/wp-json\/wp\/v2\/types\/page"}],"author":[{"embeddable":true,"href":"https:\/\/gesund-in-bonn.de\/de\/wp-json\/wp\/v2\/users\/1"}],"replies":[{"embeddable":true,"href":"https:\/\/gesund-in-bonn.de\/de\/wp-json\/wp\/v2\/comments?post=570"}],"version-history":[{"count":7,"href":"https:\/\/gesund-in-bonn.de\/de\/wp-json\/wp\/v2\/pages\/570\/revisions"}],"predecessor-version":[{"id":1498,"href":"https:\/\/gesund-in-bonn.de\/de\/wp-json\/wp\/v2\/pages\/570\/revisions\/1498"}],"wp:attachment":[{"href":"https:\/\/gesund-in-bonn.de\/de\/wp-json\/wp\/v2\/media?parent=570"}],"curies":[{"name":"wp","href":"https:\/\/api.w.org\/{rel}","templated":true}]}}